{"id":1322,"date":"2011-11-29T23:33:08","date_gmt":"2011-11-29T21:33:08","guid":{"rendered":"http:\/\/cattiva-brunsviga.de\/wordpress\/?page_id=1322"},"modified":"2011-12-30T01:57:26","modified_gmt":"2011-12-29T23:57:26","slug":"gasteblock","status":"publish","type":"page","link":"https:\/\/www.cattiva-brunsviga.de\/wordpress\/?page_id=1322","title":{"rendered":"G\u00e4steblock"},"content":{"rendered":"<p>Auf dieser Seite findet ihr die Blockma\u00dfe unseres G\u00e4steblockes (Block 19) im Eintracht-Stadion.<\/p>\n<p>Wir finden, dass Choreos ein elementarer Bestandteil unserer Fankultur sind. Leider wird eine gute Durchf\u00fchrung gerade ausw\u00e4rts oft genug dahingehend erschwert, als dass Blockma\u00dfe o.\u00e4. nur schwer oder gar nicht zu erfragen sind. In Braunschweig wollen wir nun dem guten Beispiel vieler anderer Szenen folgen und einen anderen Weg gehen: Uns ist ein fairer Wettkampf auch in der optischen Unterst\u00fctzung wichtig, deshalb publizieren wir hier transparent s\u00e4mtliche Daten unseres Blocks. Es w\u00e4re sch\u00f6n, wenn dieser Ansatz Schule machen w\u00fcrde und es jeder Fanszene erm\u00f6glicht wird, ihre Mannschaft bestm\u00f6glich zu supporten. Falls ihr noch Fragen zu eurem Ausw\u00e4rtsspiel bei uns habt, meldet euch am Besten per <a href=\"mailto:info@cattiva-brunsviga.de\"><strong>Email<\/strong><\/a>!<\/p>\n<p><a href=\"http:\/\/cattiva-brunsviga.de\/wordpress\/wp-content\/uploads\/gb-800px-01.jpg\"><img loading=\"lazy\" decoding=\"async\" class=\"aligncenter size-full wp-image-1404\" title=\"G\u00e4steblock Eintracht-Stadion\" src=\"http:\/\/cattiva-brunsviga.de\/wordpress\/wp-content\/uploads\/gb-800px-01.jpg\" alt=\"\" width=\"500\" height=\"333\" srcset=\"https:\/\/www.cattiva-brunsviga.de\/wordpress\/wp-content\/uploads\/gb-800px-01.jpg 800w, https:\/\/www.cattiva-brunsviga.de\/wordpress\/wp-content\/uploads\/gb-800px-01-300x199.jpg 300w\" sizes=\"auto, (max-width: 500px) 100vw, 500px\" \/><\/a><\/p>\n<p><a href=\"http:\/\/cattiva-brunsviga.de\/wordpress\/wp-content\/uploads\/gb-800px-02.jpg\"><img loading=\"lazy\" decoding=\"async\" class=\"aligncenter size-full wp-image-1405\" title=\"G\u00e4steblock Eintracht-Stadion\" src=\"http:\/\/cattiva-brunsviga.de\/wordpress\/wp-content\/uploads\/gb-800px-02.jpg\" alt=\"\" width=\"500\" height=\"333\" srcset=\"https:\/\/www.cattiva-brunsviga.de\/wordpress\/wp-content\/uploads\/gb-800px-02.jpg 800w, https:\/\/www.cattiva-brunsviga.de\/wordpress\/wp-content\/uploads\/gb-800px-02-300x199.jpg 300w\" sizes=\"auto, (max-width: 500px) 100vw, 500px\" \/><\/a><\/p>\n<p><a href=\"http:\/\/cattiva-brunsviga.de\/wordpress\/wp-content\/uploads\/gb-800px-03.jpg\"><img loading=\"lazy\" decoding=\"async\" class=\"aligncenter size-full wp-image-1406\" title=\"G\u00e4steblock Eintracht-Stadion\" src=\"http:\/\/cattiva-brunsviga.de\/wordpress\/wp-content\/uploads\/gb-800px-03.jpg\" alt=\"\" width=\"500\" height=\"333\" srcset=\"https:\/\/www.cattiva-brunsviga.de\/wordpress\/wp-content\/uploads\/gb-800px-03.jpg 800w, https:\/\/www.cattiva-brunsviga.de\/wordpress\/wp-content\/uploads\/gb-800px-03-300x199.jpg 300w\" sizes=\"auto, (max-width: 500px) 100vw, 500px\" \/><\/a><\/p>\n<p><a href=\"http:\/\/cattiva-brunsviga.de\/wordpress\/wp-content\/uploads\/gb_eintrachtstadion.zip\" target=\"_blank\">Download als Zip-Datei <\/a><\/p>\n","protected":false},"excerpt":{"rendered":"<p>Auf dieser Seite findet ihr die Blockma\u00dfe unseres G\u00e4steblockes (Block 19) im Eintracht-Stadion. Wir finden, dass Choreos ein elementarer Bestandteil unserer Fankultur sind. Leider wird eine gute Durchf\u00fchrung gerade ausw\u00e4rts oft genug dahingehend erschwert, als dass Blockma\u00dfe o.\u00e4. nur schwer oder gar nicht zu erfragen sind. In Braunschweig wollen wir nun dem guten Beispiel vieler [&hellip;]<\/p>\n","protected":false},"author":1,"featured_media":0,"parent":0,"menu_order":5,"comment_status":"closed","ping_status":"closed","template":"","meta":{"footnotes":"","_links_to":"","_links_to_target":""},"class_list":["post-1322","page","type-page","status-publish","hentry"],"_links":{"self":[{"href":"https:\/\/www.cattiva-brunsviga.de\/wordpress\/index.php?rest_route=\/wp\/v2\/pages\/1322","targetHints":{"allow":["GET"]}}],"collection":[{"href":"https:\/\/www.cattiva-brunsviga.de\/wordpress\/index.php?rest_route=\/wp\/v2\/pages"}],"about":[{"href":"https:\/\/www.cattiva-brunsviga.de\/wordpress\/index.php?rest_route=\/wp\/v2\/types\/page"}],"author":[{"embeddable":true,"href":"https:\/\/www.cattiva-brunsviga.de\/wordpress\/index.php?rest_route=\/wp\/v2\/users\/1"}],"replies":[{"embeddable":true,"href":"https:\/\/www.cattiva-brunsviga.de\/wordpress\/index.php?rest_route=%2Fwp%2Fv2%2Fcomments&post=1322"}],"version-history":[{"count":12,"href":"https:\/\/www.cattiva-brunsviga.de\/wordpress\/index.php?rest_route=\/wp\/v2\/pages\/1322\/revisions"}],"predecessor-version":[{"id":1347,"href":"https:\/\/www.cattiva-brunsviga.de\/wordpress\/index.php?rest_route=\/wp\/v2\/pages\/1322\/revisions\/1347"}],"wp:attachment":[{"href":"https:\/\/www.cattiva-brunsviga.de\/wordpress\/index.php?rest_route=%2Fwp%2Fv2%2Fmedia&parent=1322"}],"curies":[{"name":"wp","href":"https:\/\/api.w.org\/{rel}","templated":true}]}}