{"id":678,"date":"2011-02-11T01:04:51","date_gmt":"2011-02-11T00:04:51","guid":{"rendered":"http:\/\/cattiva-brunsviga.de\/wordpress\/?page_id=678"},"modified":"2011-02-11T01:07:37","modified_gmt":"2011-02-11T00:07:37","slug":"12-03-2010-uno-skat-und-pokerturnier","status":"publish","type":"page","link":"https:\/\/www.cattiva-brunsviga.de\/wordpress\/?page_id=678","title":{"rendered":"12.03.2010: UNO, Skat- und Pokerturnier"},"content":{"rendered":"<p>Am vergangenen Freitag fand unser karitatives Poker-, Uno- &amp;  Skat-Turnier statt. Ein durchweg gelungener Abend, bei dem niemand mit  leeren H\u00e4nden nach Hause gegangen und dennoch eine ordentliche  Spendensumme zusammen gekommen ist. Diese Summe konnte am Samstag nach  dem Spiel durch die Spendenbereitschaft im VIP-Zelt aufgestockt werden  und somit wurden bislang <strong>918,66 Euro<\/strong> an Spenden gesammelt, die dem Verein zur F\u00f6rderung K\u00f6rperbehinderter Kinder e.V. (kurz K\u00f6Ki) zu gute kommen wird.<\/p>\n<p>Da am Abend einige anwesende Personen ihre Preise spendeten und wir  Sachspenden von s\u00e4mtlichen Fanverk\u00e4ufern zusammen gesucht haben, wollen  wir bei den kommenden Heimspielen gegen Regensburg und Dresden eine  Tombola starten.<\/p>\n<p><strong>Gemeinsam f\u00fcr den guten Zweck &#8211; gemeinsam f\u00fcr Braunschweig!<\/strong><\/p>\n","protected":false},"excerpt":{"rendered":"<p>Am vergangenen Freitag fand unser karitatives Poker-, Uno- &amp; Skat-Turnier statt. Ein durchweg gelungener Abend, bei dem niemand mit leeren H\u00e4nden nach Hause gegangen und dennoch eine ordentliche Spendensumme zusammen gekommen ist. Diese Summe konnte am Samstag nach dem Spiel durch die Spendenbereitschaft im VIP-Zelt aufgestockt werden und somit wurden bislang 918,66 Euro an Spenden [&hellip;]<\/p>\n","protected":false},"author":1,"featured_media":0,"parent":660,"menu_order":3,"comment_status":"closed","ping_status":"closed","template":"","meta":{"footnotes":"","_links_to":"","_links_to_target":""},"class_list":["post-678","page","type-page","status-publish","hentry"],"_links":{"self":[{"href":"https:\/\/www.cattiva-brunsviga.de\/wordpress\/index.php?rest_route=\/wp\/v2\/pages\/678","targetHints":{"allow":["GET"]}}],"collection":[{"href":"https:\/\/www.cattiva-brunsviga.de\/wordpress\/index.php?rest_route=\/wp\/v2\/pages"}],"about":[{"href":"https:\/\/www.cattiva-brunsviga.de\/wordpress\/index.php?rest_route=\/wp\/v2\/types\/page"}],"author":[{"embeddable":true,"href":"https:\/\/www.cattiva-brunsviga.de\/wordpress\/index.php?rest_route=\/wp\/v2\/users\/1"}],"replies":[{"embeddable":true,"href":"https:\/\/www.cattiva-brunsviga.de\/wordpress\/index.php?rest_route=%2Fwp%2Fv2%2Fcomments&post=678"}],"version-history":[{"count":3,"href":"https:\/\/www.cattiva-brunsviga.de\/wordpress\/index.php?rest_route=\/wp\/v2\/pages\/678\/revisions"}],"predecessor-version":[{"id":683,"href":"https:\/\/www.cattiva-brunsviga.de\/wordpress\/index.php?rest_route=\/wp\/v2\/pages\/678\/revisions\/683"}],"up":[{"embeddable":true,"href":"https:\/\/www.cattiva-brunsviga.de\/wordpress\/index.php?rest_route=\/wp\/v2\/pages\/660"}],"wp:attachment":[{"href":"https:\/\/www.cattiva-brunsviga.de\/wordpress\/index.php?rest_route=%2Fwp%2Fv2%2Fmedia&parent=678"}],"curies":[{"name":"wp","href":"https:\/\/api.w.org\/{rel}","templated":true}]}}